{"id":682,"date":"2024-01-10T16:02:37","date_gmt":"2024-01-10T16:02:37","guid":{"rendered":"https:\/\/signcoop.fr\/?page_id=682"},"modified":"2024-02-06T15:05:10","modified_gmt":"2024-02-06T15:05:10","slug":"mentions-legales","status":"publish","type":"page","link":"https:\/\/signcoop.fr\/index.php\/mentions-legales\/","title":{"rendered":"Mentions l\u00e9gales"},"content":{"rendered":"\t\t<div data-elementor-type=\"wp-page\" data-elementor-id=\"682\" class=\"elementor elementor-682\" data-elementor-post-type=\"page\">\n\t\t\t\t\t\t<section class=\"elementor-section elementor-top-section elementor-element elementor-element-78a2ec8 elementor-section-full_width elementor-section-height-default elementor-section-height-default\" data-id=\"78a2ec8\" data-element_type=\"section\">\n\t\t\t\t\t\t<div class=\"elementor-container elementor-column-gap-default\">\n\t\t\t\t\t<div class=\"elementor-column elementor-col-50 elementor-top-column elementor-element elementor-element-4b80006\" data-id=\"4b80006\" data-element_type=\"column\">\n\t\t\t<div class=\"elementor-widget-wrap elementor-element-populated\">\n\t\t\t\t\t\t<div class=\"elementor-element elementor-element-6369168 elementor-widget elementor-widget-heading\" data-id=\"6369168\" data-element_type=\"widget\" data-widget_type=\"heading.default\">\n\t\t\t\t<div class=\"elementor-widget-container\">\n\t\t\t<style>\/*! elementor - v3.23.0 - 05-08-2024 *\/\n.elementor-heading-title{padding:0;margin:0;line-height:1}.elementor-widget-heading .elementor-heading-title[class*=elementor-size-]>a{color:inherit;font-size:inherit;line-height:inherit}.elementor-widget-heading .elementor-heading-title.elementor-size-small{font-size:15px}.elementor-widget-heading .elementor-heading-title.elementor-size-medium{font-size:19px}.elementor-widget-heading .elementor-heading-title.elementor-size-large{font-size:29px}.elementor-widget-heading .elementor-heading-title.elementor-size-xl{font-size:39px}.elementor-widget-heading .elementor-heading-title.elementor-size-xxl{font-size:59px}<\/style><h1 class=\"elementor-heading-title elementor-size-default\">Mentions l\u00e9gales<\/h1>\t\t<\/div>\n\t\t\t\t<\/div>\n\t\t\t\t\t<\/div>\n\t\t<\/div>\n\t\t\t\t<div class=\"elementor-column elementor-col-50 elementor-top-column elementor-element elementor-element-445e548\" data-id=\"445e548\" data-element_type=\"column\">\n\t\t\t<div class=\"elementor-widget-wrap\">\n\t\t\t\t\t\t\t<\/div>\n\t\t<\/div>\n\t\t\t\t\t<\/div>\n\t\t<\/section>\n\t\t\t\t<section class=\"elementor-section elementor-top-section elementor-element elementor-element-50d4e19 elementor-section-boxed elementor-section-height-default elementor-section-height-default\" data-id=\"50d4e19\" data-element_type=\"section\">\n\t\t\t\t\t\t<div class=\"elementor-container elementor-column-gap-default\">\n\t\t\t\t\t<div class=\"elementor-column elementor-col-100 elementor-top-column elementor-element elementor-element-a100a53\" data-id=\"a100a53\" data-element_type=\"column\">\n\t\t\t<div class=\"elementor-widget-wrap elementor-element-populated\">\n\t\t\t\t\t\t<section class=\"elementor-section elementor-inner-section elementor-element elementor-element-e616030 elementor-section-boxed elementor-section-height-default elementor-section-height-default\" data-id=\"e616030\" data-element_type=\"section\">\n\t\t\t\t\t\t<div class=\"elementor-container elementor-column-gap-default\">\n\t\t\t\t\t<div class=\"elementor-column elementor-col-50 elementor-inner-column elementor-element elementor-element-ed91179\" data-id=\"ed91179\" data-element_type=\"column\">\n\t\t\t<div class=\"elementor-widget-wrap elementor-element-populated\">\n\t\t\t\t\t\t<div class=\"elementor-element elementor-element-e6503f4 elementor-widget elementor-widget-text-editor\" data-id=\"e6503f4\" data-element_type=\"widget\" data-widget_type=\"text-editor.default\">\n\t\t\t\t<div class=\"elementor-widget-container\">\n\t\t\t<style>\/*! elementor - v3.23.0 - 05-08-2024 *\/\n.elementor-widget-text-editor.elementor-drop-cap-view-stacked .elementor-drop-cap{background-color:#69727d;color:#fff}.elementor-widget-text-editor.elementor-drop-cap-view-framed .elementor-drop-cap{color:#69727d;border:3px solid;background-color:transparent}.elementor-widget-text-editor:not(.elementor-drop-cap-view-default) .elementor-drop-cap{margin-top:8px}.elementor-widget-text-editor:not(.elementor-drop-cap-view-default) .elementor-drop-cap-letter{width:1em;height:1em}.elementor-widget-text-editor .elementor-drop-cap{float:left;text-align:center;line-height:1;font-size:50px}.elementor-widget-text-editor .elementor-drop-cap-letter{display:inline-block}<\/style>\t\t\t\t<p><span style=\"text-decoration: underline;\"><strong>Coordonn\u00e9es<\/strong><\/span><\/p><p class=\"p1\">Signcoop<br \/>35 rue \u00e9l\u00e9onore de Bellefond<br \/>T\u00e9l : 06 67 48 37 20<br \/>Mail : <a href=\"mailto:d.dupuy@signcoop.fr\">d.dupuy@signcoop.fr<\/a><\/p>\t\t\t\t\t\t<\/div>\n\t\t\t\t<\/div>\n\t\t\t\t\t<\/div>\n\t\t<\/div>\n\t\t\t\t<div class=\"elementor-column elementor-col-50 elementor-inner-column elementor-element elementor-element-b596106\" data-id=\"b596106\" data-element_type=\"column\">\n\t\t\t<div class=\"elementor-widget-wrap elementor-element-populated\">\n\t\t\t\t\t\t<div class=\"elementor-element elementor-element-8d48862 elementor-widget elementor-widget-text-editor\" data-id=\"8d48862\" data-element_type=\"widget\" data-widget_type=\"text-editor.default\">\n\t\t\t\t<div class=\"elementor-widget-container\">\n\t\t\t\t\t\t\t<p><span style=\"text-decoration: underline;\"><strong>Information l\u00e9gale<\/strong><\/span><\/p><p class=\"p1\">SAS SIRET (si\u00e8ge) : 910 800 705 00014<br \/>Forme juridique : SAS, soci\u00e9t\u00e9 par actions simplifi\u00e9e<br \/>Num\u00e9ro de TVA: FR09910800705<\/p>\t\t\t\t\t\t<\/div>\n\t\t\t\t<\/div>\n\t\t\t\t\t<\/div>\n\t\t<\/div>\n\t\t\t\t\t<\/div>\n\t\t<\/section>\n\t\t\t\t<section class=\"elementor-section elementor-inner-section elementor-element elementor-element-76d69fa elementor-section-boxed elementor-section-height-default elementor-section-height-default\" data-id=\"76d69fa\" data-element_type=\"section\">\n\t\t\t\t\t\t<div class=\"elementor-container elementor-column-gap-default\">\n\t\t\t\t\t<div class=\"elementor-column elementor-col-50 elementor-inner-column elementor-element elementor-element-c72c99f\" data-id=\"c72c99f\" data-element_type=\"column\">\n\t\t\t<div class=\"elementor-widget-wrap elementor-element-populated\">\n\t\t\t\t\t\t<div class=\"elementor-element elementor-element-b8becba elementor-widget elementor-widget-text-editor\" data-id=\"b8becba\" data-element_type=\"widget\" data-widget_type=\"text-editor.default\">\n\t\t\t\t<div class=\"elementor-widget-container\">\n\t\t\t\t\t\t\t<p><span style=\"text-decoration: underline;\"><strong>Responsable de la publication<\/strong><\/span><\/p><p class=\"p1\">David Dupuy<br \/>Pr\u00e9sident<\/p>\t\t\t\t\t\t<\/div>\n\t\t\t\t<\/div>\n\t\t\t\t\t<\/div>\n\t\t<\/div>\n\t\t\t\t<div class=\"elementor-column elementor-col-50 elementor-inner-column elementor-element elementor-element-4b7efff\" data-id=\"4b7efff\" data-element_type=\"column\">\n\t\t\t<div class=\"elementor-widget-wrap elementor-element-populated\">\n\t\t\t\t\t\t\t<\/div>\n\t\t<\/div>\n\t\t\t\t\t<\/div>\n\t\t<\/section>\n\t\t\t\t\t<\/div>\n\t\t<\/div>\n\t\t\t\t\t<\/div>\n\t\t<\/section>\n\t\t\t\t<\/div>\n\t\t","protected":false},"excerpt":{"rendered":"<p>Mentions l\u00e9gales Coordonn\u00e9es Signcoop35 rue \u00e9l\u00e9onore de BellefondT\u00e9l : 06 67 48 37 20Mail : d.dupuy@signcoop.fr Information l\u00e9gale SAS SIRET (si\u00e8ge) : 910 800 705 00014Forme juridique : SAS, soci\u00e9t\u00e9 par actions simplifi\u00e9eNum\u00e9ro de TVA: FR09910800705 Responsable de la publication David DupuyPr\u00e9sident<\/p>\n","protected":false},"author":1,"featured_media":0,"parent":0,"menu_order":0,"comment_status":"closed","ping_status":"closed","template":"","meta":{"footnotes":""},"class_list":["post-682","page","type-page","status-publish","hentry"],"yoast_head":"<!-- This site is optimized with the Yoast SEO plugin v23.4 - https:\/\/yoast.com\/wordpress\/plugins\/seo\/ -->\n<title>Mentions l\u00e9gales - SignCoop<\/title>\n<meta name=\"robots\" content=\"index, follow, max-snippet:-1, max-image-preview:large, max-video-preview:-1\" \/>\n<link rel=\"canonical\" href=\"https:\/\/signcoop.fr\/index.php\/mentions-legales\/\" \/>\n<meta property=\"og:locale\" content=\"fr_FR\" \/>\n<meta property=\"og:type\" content=\"article\" \/>\n<meta property=\"og:title\" content=\"Mentions l\u00e9gales - SignCoop\" \/>\n<meta property=\"og:description\" content=\"Mentions l\u00e9gales Coordonn\u00e9es Signcoop35 rue \u00e9l\u00e9onore de BellefondT\u00e9l : 06 67 48 37 20Mail : d.dupuy@signcoop.fr Information l\u00e9gale SAS SIRET (si\u00e8ge) : 910 800 705 00014Forme juridique : SAS, soci\u00e9t\u00e9 par actions simplifi\u00e9eNum\u00e9ro de TVA: FR09910800705 Responsable de la publication David DupuyPr\u00e9sident\" \/>\n<meta property=\"og:url\" content=\"https:\/\/signcoop.fr\/index.php\/mentions-legales\/\" \/>\n<meta property=\"og:site_name\" content=\"SignCoop\" \/>\n<meta property=\"article:modified_time\" content=\"2024-02-06T15:05:10+00:00\" \/>\n<meta name=\"twitter:card\" content=\"summary_large_image\" \/>\n<meta name=\"twitter:label1\" content=\"Dur\u00e9e de lecture estim\u00e9e\" \/>\n\t<meta name=\"twitter:data1\" content=\"1 minute\" \/>\n<script type=\"application\/ld+json\" class=\"yoast-schema-graph\">{\"@context\":\"https:\/\/schema.org\",\"@graph\":[{\"@type\":\"WebPage\",\"@id\":\"https:\/\/signcoop.fr\/index.php\/mentions-legales\/\",\"url\":\"https:\/\/signcoop.fr\/index.php\/mentions-legales\/\",\"name\":\"Mentions l\u00e9gales - SignCoop\",\"isPartOf\":{\"@id\":\"https:\/\/signcoop.fr\/#website\"},\"datePublished\":\"2024-01-10T16:02:37+00:00\",\"dateModified\":\"2024-02-06T15:05:10+00:00\",\"breadcrumb\":{\"@id\":\"https:\/\/signcoop.fr\/index.php\/mentions-legales\/#breadcrumb\"},\"inLanguage\":\"fr-FR\",\"potentialAction\":[{\"@type\":\"ReadAction\",\"target\":[\"https:\/\/signcoop.fr\/index.php\/mentions-legales\/\"]}]},{\"@type\":\"BreadcrumbList\",\"@id\":\"https:\/\/signcoop.fr\/index.php\/mentions-legales\/#breadcrumb\",\"itemListElement\":[{\"@type\":\"ListItem\",\"position\":1,\"name\":\"Accueil\",\"item\":\"https:\/\/signcoop.fr\/\"},{\"@type\":\"ListItem\",\"position\":2,\"name\":\"Mentions l\u00e9gales\"}]},{\"@type\":\"WebSite\",\"@id\":\"https:\/\/signcoop.fr\/#website\",\"url\":\"https:\/\/signcoop.fr\/\",\"name\":\"SignCoop\",\"description\":\"\",\"publisher\":{\"@id\":\"https:\/\/signcoop.fr\/#organization\"},\"potentialAction\":[{\"@type\":\"SearchAction\",\"target\":{\"@type\":\"EntryPoint\",\"urlTemplate\":\"https:\/\/signcoop.fr\/?s={search_term_string}\"},\"query-input\":{\"@type\":\"PropertyValueSpecification\",\"valueRequired\":true,\"valueName\":\"search_term_string\"}}],\"inLanguage\":\"fr-FR\"},{\"@type\":\"Organization\",\"@id\":\"https:\/\/signcoop.fr\/#organization\",\"name\":\"SignCoop\",\"url\":\"https:\/\/signcoop.fr\/\",\"logo\":{\"@type\":\"ImageObject\",\"inLanguage\":\"fr-FR\",\"@id\":\"https:\/\/signcoop.fr\/#\/schema\/logo\/image\/\",\"url\":\"https:\/\/signcoop.fr\/wp-content\/uploads\/2023\/03\/logo-signcoop.png\",\"contentUrl\":\"https:\/\/signcoop.fr\/wp-content\/uploads\/2023\/03\/logo-signcoop.png\",\"width\":395,\"height\":73,\"caption\":\"SignCoop\"},\"image\":{\"@id\":\"https:\/\/signcoop.fr\/#\/schema\/logo\/image\/\"}}]}<\/script>\n<!-- \/ Yoast SEO plugin. -->","yoast_head_json":{"title":"Mentions l\u00e9gales - SignCoop","robots":{"index":"index","follow":"follow","max-snippet":"max-snippet:-1","max-image-preview":"max-image-preview:large","max-video-preview":"max-video-preview:-1"},"canonical":"https:\/\/signcoop.fr\/index.php\/mentions-legales\/","og_locale":"fr_FR","og_type":"article","og_title":"Mentions l\u00e9gales - SignCoop","og_description":"Mentions l\u00e9gales Coordonn\u00e9es Signcoop35 rue \u00e9l\u00e9onore de BellefondT\u00e9l : 06 67 48 37 20Mail : d.dupuy@signcoop.fr Information l\u00e9gale SAS SIRET (si\u00e8ge) : 910 800 705 00014Forme juridique : SAS, soci\u00e9t\u00e9 par actions simplifi\u00e9eNum\u00e9ro de TVA: FR09910800705 Responsable de la publication David DupuyPr\u00e9sident","og_url":"https:\/\/signcoop.fr\/index.php\/mentions-legales\/","og_site_name":"SignCoop","article_modified_time":"2024-02-06T15:05:10+00:00","twitter_card":"summary_large_image","twitter_misc":{"Dur\u00e9e de lecture estim\u00e9e":"1 minute"},"schema":{"@context":"https:\/\/schema.org","@graph":[{"@type":"WebPage","@id":"https:\/\/signcoop.fr\/index.php\/mentions-legales\/","url":"https:\/\/signcoop.fr\/index.php\/mentions-legales\/","name":"Mentions l\u00e9gales - SignCoop","isPartOf":{"@id":"https:\/\/signcoop.fr\/#website"},"datePublished":"2024-01-10T16:02:37+00:00","dateModified":"2024-02-06T15:05:10+00:00","breadcrumb":{"@id":"https:\/\/signcoop.fr\/index.php\/mentions-legales\/#breadcrumb"},"inLanguage":"fr-FR","potentialAction":[{"@type":"ReadAction","target":["https:\/\/signcoop.fr\/index.php\/mentions-legales\/"]}]},{"@type":"BreadcrumbList","@id":"https:\/\/signcoop.fr\/index.php\/mentions-legales\/#breadcrumb","itemListElement":[{"@type":"ListItem","position":1,"name":"Accueil","item":"https:\/\/signcoop.fr\/"},{"@type":"ListItem","position":2,"name":"Mentions l\u00e9gales"}]},{"@type":"WebSite","@id":"https:\/\/signcoop.fr\/#website","url":"https:\/\/signcoop.fr\/","name":"SignCoop","description":"","publisher":{"@id":"https:\/\/signcoop.fr\/#organization"},"potentialAction":[{"@type":"SearchAction","target":{"@type":"EntryPoint","urlTemplate":"https:\/\/signcoop.fr\/?s={search_term_string}"},"query-input":{"@type":"PropertyValueSpecification","valueRequired":true,"valueName":"search_term_string"}}],"inLanguage":"fr-FR"},{"@type":"Organization","@id":"https:\/\/signcoop.fr\/#organization","name":"SignCoop","url":"https:\/\/signcoop.fr\/","logo":{"@type":"ImageObject","inLanguage":"fr-FR","@id":"https:\/\/signcoop.fr\/#\/schema\/logo\/image\/","url":"https:\/\/signcoop.fr\/wp-content\/uploads\/2023\/03\/logo-signcoop.png","contentUrl":"https:\/\/signcoop.fr\/wp-content\/uploads\/2023\/03\/logo-signcoop.png","width":395,"height":73,"caption":"SignCoop"},"image":{"@id":"https:\/\/signcoop.fr\/#\/schema\/logo\/image\/"}}]}},"_links":{"self":[{"href":"https:\/\/signcoop.fr\/index.php\/wp-json\/wp\/v2\/pages\/682","targetHints":{"allow":["GET"]}}],"collection":[{"href":"https:\/\/signcoop.fr\/index.php\/wp-json\/wp\/v2\/pages"}],"about":[{"href":"https:\/\/signcoop.fr\/index.php\/wp-json\/wp\/v2\/types\/page"}],"author":[{"embeddable":true,"href":"https:\/\/signcoop.fr\/index.php\/wp-json\/wp\/v2\/users\/1"}],"replies":[{"embeddable":true,"href":"https:\/\/signcoop.fr\/index.php\/wp-json\/wp\/v2\/comments?post=682"}],"version-history":[{"count":14,"href":"https:\/\/signcoop.fr\/index.php\/wp-json\/wp\/v2\/pages\/682\/revisions"}],"predecessor-version":[{"id":1029,"href":"https:\/\/signcoop.fr\/index.php\/wp-json\/wp\/v2\/pages\/682\/revisions\/1029"}],"wp:attachment":[{"href":"https:\/\/signcoop.fr\/index.php\/wp-json\/wp\/v2\/media?parent=682"}],"curies":[{"name":"wp","href":"https:\/\/api.w.org\/{rel}","templated":true}]}}